{"id":70,"date":"2015-10-19T16:34:11","date_gmt":"2015-10-19T16:34:11","guid":{"rendered":"http:\/\/www.dianasescandell.com\/wordpress\/?page_id=70"},"modified":"2021-05-31T11:02:02","modified_gmt":"2021-05-31T10:02:02","slug":"grupo-ii","status":"publish","type":"page","link":"http:\/\/www.dianasescandell.com\/wordpress\/index.php\/grupo-ii\/","title":{"rendered":"Grupo II"},"content":{"rendered":"<table style=\"text-align: left; width: 100%;\" border=\"3\" cellspacing=\"2\" cellpadding=\"2\">\n<tbody>\n<tr>\n<td style=\"vertical-align: top;\"><a href=\"http:\/\/www.dianasescandell.com\/wordpress\/index.php\/llop\/\"><img loading=\"lazy\" decoding=\"async\" class=\"aligncenter wp-image-555\" src=\"http:\/\/www.dianasescandell.com\/wordpress\/wp-content\/uploads\/2021\/02\/llop-1-300x225.jpg\" alt=\"\" width=\"250\" height=\"188\" srcset=\"http:\/\/www.dianasescandell.com\/wordpress\/wp-content\/uploads\/2021\/02\/llop-1-300x225.jpg 300w, http:\/\/www.dianasescandell.com\/wordpress\/wp-content\/uploads\/2021\/02\/llop-1.jpg 720w\" sizes=\"auto, (max-width: 250px) 100vw, 250px\" \/><\/a><br \/>\n<img decoding=\"async\" style=\"width: 20px; height: 20px;\" src=\"https:\/\/lh3.googleusercontent.com\/-kf_06Vpulgs\/VdyHZosgowI\/AAAAAAAAAsw\/Z0xpdbwN5D0\/s78-Ic42\/cat.png\" alt=\"cat\" \/>\u00a0Llop<br \/>\n<img decoding=\"async\" style=\"width: 20px; height: 20px;\" src=\"https:\/\/lh3.googleusercontent.com\/-9E3PMqcJkQg\/VdyHZtdMRBI\/AAAAAAAAAsw\/BtUatKJ16TA\/s78-Ic42\/esp.png\" alt=\"esp\" \/>\u00a0Lobo<br \/>\n<img decoding=\"async\" style=\"width: 20px; height: 20px;\" src=\"https:\/\/lh3.googleusercontent.com\/-THlhy0jIgXA\/VdyHafA8dNI\/AAAAAAAAAsw\/Ou-rWm1t3wM\/s77-Ic42\/fra.png\" alt=\"fr\" \/>\u00a0Loup<br \/>\n<img decoding=\"async\" style=\"width: 20px; height: 20px;\" src=\"https:\/\/lh3.googleusercontent.com\/-ZoLDFx4kaVU\/VdyHZy8rx4I\/AAAAAAAAAsw\/4fC7KE2FBiU\/s77-Ic42\/eng.png\" alt=\"en\" \/> Wolf<\/td>\n<td style=\"vertical-align: top;\"><a href=\"http:\/\/www.dianasescandell.com\/wordpress\/index.php\/ciervo-tumbado\/\"><img loading=\"lazy\" decoding=\"async\" class=\"aligncenter wp-image-575\" src=\"http:\/\/www.dianasescandell.com\/wordpress\/wp-content\/uploads\/2021\/02\/ciervo-1-300x185.jpg\" alt=\"\" width=\"250\" height=\"154\" srcset=\"http:\/\/www.dianasescandell.com\/wordpress\/wp-content\/uploads\/2021\/02\/ciervo-1-300x185.jpg 300w, http:\/\/www.dianasescandell.com\/wordpress\/wp-content\/uploads\/2021\/02\/ciervo-1.jpg 583w\" sizes=\"auto, (max-width: 250px) 100vw, 250px\" \/><\/a><br \/>\n<img decoding=\"async\" style=\"width: 20px; height: 20px;\" src=\"https:\/\/lh3.googleusercontent.com\/-kf_06Vpulgs\/VdyHZosgowI\/AAAAAAAAAsw\/Z0xpdbwN5D0\/s78-Ic42\/cat.png\" alt=\"cat\" \/> C\u00e9rvol tombat<br \/>\n<img decoding=\"async\" style=\"width: 20px; height: 20px;\" src=\"https:\/\/lh3.googleusercontent.com\/-9E3PMqcJkQg\/VdyHZtdMRBI\/AAAAAAAAAsw\/BtUatKJ16TA\/s78-Ic42\/esp.png\" alt=\"esp\" \/> Ciervo tumbado<br \/>\n<img decoding=\"async\" style=\"width: 20px; height: 20px;\" src=\"https:\/\/lh3.googleusercontent.com\/-THlhy0jIgXA\/VdyHafA8dNI\/AAAAAAAAAsw\/Ou-rWm1t3wM\/s77-Ic42\/fra.png\" alt=\"fr\" \/> Cerf<br \/>\n<img decoding=\"async\" style=\"width: 20px; height: 20px;\" src=\"https:\/\/lh3.googleusercontent.com\/-ZoLDFx4kaVU\/VdyHZy8rx4I\/AAAAAAAAAsw\/4fC7KE2FBiU\/s77-Ic42\/eng.png\" alt=\"en\" \/> Deer<\/td>\n<\/tr>\n<tr>\n<td style=\"vertical-align: top;\"><a href=\"http:\/\/www.dianasescandell.com\/wordpress\/index.php\/gran-pantera\/\"><img loading=\"lazy\" decoding=\"async\" class=\"aligncenter wp-image-581\" src=\"http:\/\/www.dianasescandell.com\/wordpress\/wp-content\/uploads\/2021\/02\/pantera-012-1-300x200.jpg\" alt=\"\" width=\"250\" height=\"167\" srcset=\"http:\/\/www.dianasescandell.com\/wordpress\/wp-content\/uploads\/2021\/02\/pantera-012-1-300x200.jpg 300w, http:\/\/www.dianasescandell.com\/wordpress\/wp-content\/uploads\/2021\/02\/pantera-012-1.jpg 640w\" sizes=\"auto, (max-width: 250px) 100vw, 250px\" \/><\/a><br \/>\n<img decoding=\"async\" style=\"width: 20px; height: 20px;\" src=\"https:\/\/lh3.googleusercontent.com\/-kf_06Vpulgs\/VdyHZosgowI\/AAAAAAAAAsw\/Z0xpdbwN5D0\/s78-Ic42\/cat.png\" alt=\"cat\" \/> Gran Pantera<br \/>\n<img decoding=\"async\" style=\"width: 20px; height: 20px;\" src=\"https:\/\/lh3.googleusercontent.com\/-9E3PMqcJkQg\/VdyHZtdMRBI\/AAAAAAAAAsw\/BtUatKJ16TA\/s78-Ic42\/esp.png\" alt=\"esp\" \/> Gran Pantera<br \/>\n<img decoding=\"async\" style=\"width: 20px; height: 20px;\" src=\"https:\/\/lh3.googleusercontent.com\/-THlhy0jIgXA\/VdyHafA8dNI\/AAAAAAAAAsw\/Ou-rWm1t3wM\/s77-Ic42\/fra.png\" alt=\"fr\" \/> Grande Panth\u00e8re<br \/>\n<img decoding=\"async\" style=\"width: 20px; height: 20px;\" src=\"https:\/\/lh3.googleusercontent.com\/-ZoLDFx4kaVU\/VdyHZy8rx4I\/AAAAAAAAAsw\/4fC7KE2FBiU\/s77-Ic42\/eng.png\" alt=\"en\" \/> Great Panther<\/td>\n<td style=\"vertical-align: top;\"><a href=\"http:\/\/www.dianasescandell.com\/wordpress\/index.php\/dragon-de-komodo\/\"><img loading=\"lazy\" decoding=\"async\" class=\"aligncenter wp-image-586\" src=\"http:\/\/www.dianasescandell.com\/wordpress\/wp-content\/uploads\/2021\/02\/komodo1-1-300x200.jpg\" alt=\"\" width=\"250\" height=\"167\" srcset=\"http:\/\/www.dianasescandell.com\/wordpress\/wp-content\/uploads\/2021\/02\/komodo1-1-300x200.jpg 300w, http:\/\/www.dianasescandell.com\/wordpress\/wp-content\/uploads\/2021\/02\/komodo1-1.jpg 640w\" sizes=\"auto, (max-width: 250px) 100vw, 250px\" \/><\/a><br \/>\n<img decoding=\"async\" style=\"width: 20px; height: 20px;\" src=\"https:\/\/lh3.googleusercontent.com\/-kf_06Vpulgs\/VdyHZosgowI\/AAAAAAAAAsw\/Z0xpdbwN5D0\/s78-Ic42\/cat.png\" alt=\"cat\" \/> Drag\u00f3 de Komodo<br \/>\n<img decoding=\"async\" style=\"width: 20px; height: 20px;\" src=\"https:\/\/lh3.googleusercontent.com\/-9E3PMqcJkQg\/VdyHZtdMRBI\/AAAAAAAAAsw\/BtUatKJ16TA\/s78-Ic42\/esp.png\" alt=\"esp\" \/> Drag\u00f3n de Komodo<br \/>\n<img decoding=\"async\" style=\"width: 20px; height: 20px;\" src=\"https:\/\/lh3.googleusercontent.com\/-THlhy0jIgXA\/VdyHafA8dNI\/AAAAAAAAAsw\/Ou-rWm1t3wM\/s77-Ic42\/fra.png\" alt=\"fr\" \/> Dradon de Komodo<br \/>\n<img decoding=\"async\" style=\"width: 20px; height: 20px;\" src=\"https:\/\/lh3.googleusercontent.com\/-ZoLDFx4kaVU\/VdyHZy8rx4I\/AAAAAAAAAsw\/4fC7KE2FBiU\/s77-Ic42\/eng.png\" alt=\"en\" \/> Komodo dragon<\/td>\n<\/tr>\n<tr>\n<td style=\"vertical-align: top;\"><a href=\"http:\/\/www.dianasescandell.com\/wordpress\/index.php\/sanglar-al-bassal\/\"><img loading=\"lazy\" decoding=\"async\" class=\"aligncenter wp-image-595\" src=\"http:\/\/www.dianasescandell.com\/wordpress\/wp-content\/uploads\/2021\/02\/senglar-basa2-300x225.jpg\" alt=\"\" width=\"250\" height=\"188\" srcset=\"http:\/\/www.dianasescandell.com\/wordpress\/wp-content\/uploads\/2021\/02\/senglar-basa2-300x225.jpg 300w, http:\/\/www.dianasescandell.com\/wordpress\/wp-content\/uploads\/2021\/02\/senglar-basa2.jpg 640w\" sizes=\"auto, (max-width: 250px) 100vw, 250px\" \/><\/a><br \/>\n<img decoding=\"async\" style=\"width: 20px; height: 20px;\" src=\"https:\/\/lh3.googleusercontent.com\/-kf_06Vpulgs\/VdyHZosgowI\/AAAAAAAAAsw\/Z0xpdbwN5D0\/s78-Ic42\/cat.png\" alt=\"cat\" \/>\u00a0Senglar al bassal<br \/>\n<img decoding=\"async\" style=\"width: 20px; height: 20px;\" src=\"https:\/\/lh3.googleusercontent.com\/-9E3PMqcJkQg\/VdyHZtdMRBI\/AAAAAAAAAsw\/BtUatKJ16TA\/s78-Ic42\/esp.png\" alt=\"esp\" \/>\u00a0Jabal\u00ed en el charco<br \/>\n<img decoding=\"async\" style=\"width: 20px; height: 20px;\" src=\"https:\/\/lh3.googleusercontent.com\/-THlhy0jIgXA\/VdyHafA8dNI\/AAAAAAAAAsw\/Ou-rWm1t3wM\/s77-Ic42\/fra.png\" alt=\"fr\" \/>\u00a0Sanglier dans flaque d&#8217;eau<br \/>\n<img decoding=\"async\" style=\"width: 20px; height: 20px;\" src=\"https:\/\/lh3.googleusercontent.com\/-ZoLDFx4kaVU\/VdyHZy8rx4I\/AAAAAAAAAsw\/4fC7KE2FBiU\/s77-Ic42\/eng.png\" alt=\"en\" \/> Boar in the pool<\/td>\n<td style=\"vertical-align: top;\"><a href=\"http:\/\/www.dianasescandell.com\/wordpress\/index.php\/jaguard-bevent\/\"><img loading=\"lazy\" decoding=\"async\" class=\"aligncenter wp-image-598\" src=\"http:\/\/www.dianasescandell.com\/wordpress\/wp-content\/uploads\/2021\/02\/puma1-300x225.jpg\" alt=\"\" width=\"250\" height=\"188\" srcset=\"http:\/\/www.dianasescandell.com\/wordpress\/wp-content\/uploads\/2021\/02\/puma1-300x225.jpg 300w, http:\/\/www.dianasescandell.com\/wordpress\/wp-content\/uploads\/2021\/02\/puma1.jpg 720w\" sizes=\"auto, (max-width: 250px) 100vw, 250px\" \/><\/a><br \/>\n<img decoding=\"async\" style=\"width: 20px; height: 20px;\" src=\"https:\/\/lh3.googleusercontent.com\/-kf_06Vpulgs\/VdyHZosgowI\/AAAAAAAAAsw\/Z0xpdbwN5D0\/s78-Ic42\/cat.png\" alt=\"cat\" \/>\u00a0Jaguar bevent<br \/>\n<img decoding=\"async\" style=\"width: 20px; height: 20px;\" src=\"https:\/\/lh3.googleusercontent.com\/-9E3PMqcJkQg\/VdyHZtdMRBI\/AAAAAAAAAsw\/BtUatKJ16TA\/s78-Ic42\/esp.png\" alt=\"esp\" \/>\u00a0Jaguar\u00a0bebiendo<br \/>\n<img decoding=\"async\" style=\"width: 20px; height: 20px;\" src=\"https:\/\/lh3.googleusercontent.com\/-THlhy0jIgXA\/VdyHafA8dNI\/AAAAAAAAAsw\/Ou-rWm1t3wM\/s77-Ic42\/fra.png\" alt=\"fr\" \/>\u00a0Jaguar potable<br \/>\n<img decoding=\"async\" style=\"width: 20px; height: 20px;\" src=\"https:\/\/lh3.googleusercontent.com\/-ZoLDFx4kaVU\/VdyHZy8rx4I\/AAAAAAAAAsw\/4fC7KE2FBiU\/s77-Ic42\/eng.png\" alt=\"en\" \/> Jaguar drinking<\/td>\n<\/tr>\n<tr>\n<td style=\"vertical-align: top;\"><a href=\"http:\/\/www.dianasescandell.com\/wordpress\/index.php\/tortuga-grande\/\"><img loading=\"lazy\" decoding=\"async\" class=\"aligncenter wp-image-911\" src=\"http:\/\/www.dianasescandell.com\/wordpress\/wp-content\/uploads\/2021\/05\/WhatsApp-Image-2021-05-31-at-11.04.35-300x225.jpeg\" alt=\"\" width=\"250\" height=\"188\" srcset=\"http:\/\/www.dianasescandell.com\/wordpress\/wp-content\/uploads\/2021\/05\/WhatsApp-Image-2021-05-31-at-11.04.35-300x225.jpeg 300w, http:\/\/www.dianasescandell.com\/wordpress\/wp-content\/uploads\/2021\/05\/WhatsApp-Image-2021-05-31-at-11.04.35-1024x768.jpeg 1024w, http:\/\/www.dianasescandell.com\/wordpress\/wp-content\/uploads\/2021\/05\/WhatsApp-Image-2021-05-31-at-11.04.35-768x576.jpeg 768w, http:\/\/www.dianasescandell.com\/wordpress\/wp-content\/uploads\/2021\/05\/WhatsApp-Image-2021-05-31-at-11.04.35-1536x1153.jpeg 1536w, http:\/\/www.dianasescandell.com\/wordpress\/wp-content\/uploads\/2021\/05\/WhatsApp-Image-2021-05-31-at-11.04.35.jpeg 1599w\" sizes=\"auto, (max-width: 250px) 100vw, 250px\" \/><\/a><br \/>\n<img decoding=\"async\" style=\"width: 20px; height: 20px;\" src=\"https:\/\/lh3.googleusercontent.com\/-kf_06Vpulgs\/VdyHZosgowI\/AAAAAAAAAsw\/Z0xpdbwN5D0\/s78-Ic42\/cat.png\" alt=\"cat\" \/> Tortuga Gran<br \/>\n<img decoding=\"async\" style=\"width: 20px; height: 20px;\" src=\"https:\/\/lh3.googleusercontent.com\/-9E3PMqcJkQg\/VdyHZtdMRBI\/AAAAAAAAAsw\/BtUatKJ16TA\/s78-Ic42\/esp.png\" alt=\"esp\" \/> Tortuga Grande<br \/>\n<img decoding=\"async\" style=\"width: 20px; height: 20px;\" src=\"https:\/\/lh3.googleusercontent.com\/-THlhy0jIgXA\/VdyHafA8dNI\/AAAAAAAAAsw\/Ou-rWm1t3wM\/s77-Ic42\/fra.png\" alt=\"fr\" \/> Tortue Grand<br \/>\n<img decoding=\"async\" style=\"width: 20px; height: 20px;\" src=\"https:\/\/lh3.googleusercontent.com\/-ZoLDFx4kaVU\/VdyHZy8rx4I\/AAAAAAAAAsw\/4fC7KE2FBiU\/s77-Ic42\/eng.png\" alt=\"en\" \/> Turtle Big<\/td>\n<td style=\"vertical-align: top;\"><\/td>\n<\/tr>\n<\/tbody>\n<\/table>\n","protected":false},"excerpt":{"rendered":"<p>\u00a0Llop \u00a0Lobo \u00a0Loup Wolf C\u00e9rvol tombat Ciervo tumbado Cerf Deer Gran Pantera Gran Pantera Grande Panth\u00e8re Great Panther Drag\u00f3 de Komodo Drag\u00f3n de Komodo Dradon de Komodo Komodo dragon \u00a0Senglar al bassal \u00a0Jabal\u00ed en el charco \u00a0Sanglier dans flaque d&#8217;eau &hellip; <a href=\"http:\/\/www.dianasescandell.com\/wordpress\/index.php\/grupo-ii\/\">Sigue leyendo <span class=\"meta-nav\">&rarr;<\/span><\/a><\/p>\n","protected":false},"author":1,"featured_media":0,"parent":0,"menu_order":0,"comment_status":"closed","ping_status":"closed","template":"","meta":{"footnotes":""},"class_list":["post-70","page","type-page","status-publish","hentry"],"_links":{"self":[{"href":"http:\/\/www.dianasescandell.com\/wordpress\/index.php\/wp-json\/wp\/v2\/pages\/70","targetHints":{"allow":["GET"]}}],"collection":[{"href":"http:\/\/www.dianasescandell.com\/wordpress\/index.php\/wp-json\/wp\/v2\/pages"}],"about":[{"href":"http:\/\/www.dianasescandell.com\/wordpress\/index.php\/wp-json\/wp\/v2\/types\/page"}],"author":[{"embeddable":true,"href":"http:\/\/www.dianasescandell.com\/wordpress\/index.php\/wp-json\/wp\/v2\/users\/1"}],"replies":[{"embeddable":true,"href":"http:\/\/www.dianasescandell.com\/wordpress\/index.php\/wp-json\/wp\/v2\/comments?post=70"}],"version-history":[{"count":38,"href":"http:\/\/www.dianasescandell.com\/wordpress\/index.php\/wp-json\/wp\/v2\/pages\/70\/revisions"}],"predecessor-version":[{"id":920,"href":"http:\/\/www.dianasescandell.com\/wordpress\/index.php\/wp-json\/wp\/v2\/pages\/70\/revisions\/920"}],"wp:attachment":[{"href":"http:\/\/www.dianasescandell.com\/wordpress\/index.php\/wp-json\/wp\/v2\/media?parent=70"}],"curies":[{"name":"wp","href":"https:\/\/api.w.org\/{rel}","templated":true}]}}