{"id":29,"date":"2015-10-13T14:29:00","date_gmt":"2015-10-13T14:29:00","guid":{"rendered":"http:\/\/www.dianasescandell.com\/wordpress\/?page_id=29"},"modified":"2021-02-01T20:17:26","modified_gmt":"2021-02-01T19:17:26","slug":"grupo-i","status":"publish","type":"page","link":"http:\/\/www.dianasescandell.com\/wordpress\/index.php\/grupo-i\/","title":{"rendered":"Grupo I"},"content":{"rendered":"<table style=\"text-align: left; width: 100%;\" border=\"2\" cellspacing=\"2\" cellpadding=\"2\">\n<tbody>\n<tr>\n<td style=\"vertical-align: top;\"><a href=\"http:\/\/www.dianasescandell.com\/wordpress\/index.php\/os\/\"><img loading=\"lazy\" decoding=\"async\" class=\"aligncenter wp-image-507\" src=\"http:\/\/www.dianasescandell.com\/wordpress\/wp-content\/uploads\/2021\/02\/tigre3-300x194.jpg\" alt=\"tigre\" width=\"250\" height=\"161\" srcset=\"http:\/\/www.dianasescandell.com\/wordpress\/wp-content\/uploads\/2021\/02\/tigre3-300x194.jpg 300w, http:\/\/www.dianasescandell.com\/wordpress\/wp-content\/uploads\/2021\/02\/tigre3.jpg 640w\" sizes=\"auto, (max-width: 250px) 100vw, 250px\" \/><\/a><br \/>\n<img decoding=\"async\" style=\"width: 20px; height: 20px;\" src=\"https:\/\/lh3.googleusercontent.com\/-kf_06Vpulgs\/VdyHZosgowI\/AAAAAAAAAsw\/Z0xpdbwN5D0\/s78-Ic42\/cat.png\" alt=\"cat\" \/> Tigre<br \/>\n<img decoding=\"async\" style=\"width: 20px; height: 20px;\" src=\"https:\/\/lh3.googleusercontent.com\/-9E3PMqcJkQg\/VdyHZtdMRBI\/AAAAAAAAAsw\/BtUatKJ16TA\/s78-Ic42\/esp.png\" alt=\"esp\" \/> Tigre<br \/>\n<img decoding=\"async\" style=\"width: 20px; height: 20px;\" src=\"https:\/\/lh3.googleusercontent.com\/-THlhy0jIgXA\/VdyHafA8dNI\/AAAAAAAAAsw\/Ou-rWm1t3wM\/s77-Ic42\/fra.png\" alt=\"fr\" \/> Tigre<br \/>\n<img decoding=\"async\" style=\"width: 20px; height: 20px;\" src=\"https:\/\/lh3.googleusercontent.com\/-ZoLDFx4kaVU\/VdyHZy8rx4I\/AAAAAAAAAsw\/4fC7KE2FBiU\/s77-Ic42\/eng.png\" alt=\"en\" \/> Tiger<\/td>\n<td style=\"vertical-align: top;\"><a href=\"http:\/\/www.dianasescandell.com\/wordpress\/index.php\/leon\/\"><img loading=\"lazy\" decoding=\"async\" class=\"aligncenter wp-image-509\" src=\"http:\/\/www.dianasescandell.com\/wordpress\/wp-content\/uploads\/2021\/02\/leon-225x300.jpg\" alt=\"lleo\" width=\"150\" height=\"200\" srcset=\"http:\/\/www.dianasescandell.com\/wordpress\/wp-content\/uploads\/2021\/02\/leon-225x300.jpg 225w, http:\/\/www.dianasescandell.com\/wordpress\/wp-content\/uploads\/2021\/02\/leon.jpg 384w\" sizes=\"auto, (max-width: 150px) 100vw, 150px\" \/><\/a><br \/>\n<img decoding=\"async\" style=\"width: 20px; height: 20px;\" src=\"https:\/\/lh3.googleusercontent.com\/-kf_06Vpulgs\/VdyHZosgowI\/AAAAAAAAAsw\/Z0xpdbwN5D0\/s78-Ic42\/cat.png\" alt=\"cat\" \/> Lle\u00f3<br \/>\n<img decoding=\"async\" style=\"width: 20px; height: 20px;\" src=\"https:\/\/lh3.googleusercontent.com\/-9E3PMqcJkQg\/VdyHZtdMRBI\/AAAAAAAAAsw\/BtUatKJ16TA\/s78-Ic42\/esp.png\" alt=\"esp\" \/> Le\u00f3n<br \/>\n<img decoding=\"async\" style=\"width: 20px; height: 20px;\" src=\"https:\/\/lh3.googleusercontent.com\/-THlhy0jIgXA\/VdyHafA8dNI\/AAAAAAAAAsw\/Ou-rWm1t3wM\/s77-Ic42\/fra.png\" alt=\"fr\" \/> Lion<br \/>\n<img decoding=\"async\" style=\"width: 20px; height: 20px;\" src=\"https:\/\/lh3.googleusercontent.com\/-ZoLDFx4kaVU\/VdyHZy8rx4I\/AAAAAAAAAsw\/4fC7KE2FBiU\/s77-Ic42\/eng.png\" alt=\"en\" \/> Lion<\/td>\n<\/tr>\n<tr>\n<td style=\"vertical-align: top;\"><a href=\"http:\/\/www.dianasescandell.com\/wordpress\/index.php\/gorila\/\"><img loading=\"lazy\" decoding=\"async\" class=\"aligncenter wp-image-510\" src=\"http:\/\/www.dianasescandell.com\/wordpress\/wp-content\/uploads\/2021\/02\/gorila-225x300.jpg\" alt=\"gorila\" width=\"150\" height=\"200\" srcset=\"http:\/\/www.dianasescandell.com\/wordpress\/wp-content\/uploads\/2021\/02\/gorila-225x300.jpg 225w, http:\/\/www.dianasescandell.com\/wordpress\/wp-content\/uploads\/2021\/02\/gorila.jpg 384w\" sizes=\"auto, (max-width: 150px) 100vw, 150px\" \/><\/a><br \/>\n<img decoding=\"async\" style=\"width: 20px; height: 20px;\" src=\"https:\/\/lh3.googleusercontent.com\/-kf_06Vpulgs\/VdyHZosgowI\/AAAAAAAAAsw\/Z0xpdbwN5D0\/s78-Ic42\/cat.png\" alt=\"cat\" \/> Goril\u00b7la<br \/>\n<img decoding=\"async\" style=\"width: 20px; height: 20px;\" src=\"https:\/\/lh3.googleusercontent.com\/-9E3PMqcJkQg\/VdyHZtdMRBI\/AAAAAAAAAsw\/BtUatKJ16TA\/s78-Ic42\/esp.png\" alt=\"esp\" \/> Gorila<br \/>\n<img decoding=\"async\" style=\"width: 20px; height: 20px;\" src=\"https:\/\/lh3.googleusercontent.com\/-THlhy0jIgXA\/VdyHafA8dNI\/AAAAAAAAAsw\/Ou-rWm1t3wM\/s77-Ic42\/fra.png\" alt=\"fr\" \/> Gorille<br \/>\n<img decoding=\"async\" style=\"width: 20px; height: 20px;\" src=\"https:\/\/lh3.googleusercontent.com\/-ZoLDFx4kaVU\/VdyHZy8rx4I\/AAAAAAAAAsw\/4fC7KE2FBiU\/s77-Ic42\/eng.png\" alt=\"en\" \/> Gorilla<\/td>\n<td style=\"vertical-align: top;\"><a href=\"http:\/\/www.dianasescandell.com\/wordpress\/index.php\/mandril\/\"><img loading=\"lazy\" decoding=\"async\" class=\"aligncenter wp-image-511\" src=\"http:\/\/www.dianasescandell.com\/wordpress\/wp-content\/uploads\/2021\/02\/mandril1-200x300.jpg\" alt=\"mandril\" width=\"150\" height=\"225\" srcset=\"http:\/\/www.dianasescandell.com\/wordpress\/wp-content\/uploads\/2021\/02\/mandril1-200x300.jpg 200w, http:\/\/www.dianasescandell.com\/wordpress\/wp-content\/uploads\/2021\/02\/mandril1.jpg 384w\" sizes=\"auto, (max-width: 150px) 100vw, 150px\" \/><\/a><br \/>\n<img decoding=\"async\" style=\"width: 20px; height: 20px;\" src=\"https:\/\/lh3.googleusercontent.com\/-kf_06Vpulgs\/VdyHZosgowI\/AAAAAAAAAsw\/Z0xpdbwN5D0\/s78-Ic42\/cat.png\" alt=\"cat\" \/> Mandril<br \/>\n<img decoding=\"async\" style=\"width: 20px; height: 20px;\" src=\"https:\/\/lh3.googleusercontent.com\/-9E3PMqcJkQg\/VdyHZtdMRBI\/AAAAAAAAAsw\/BtUatKJ16TA\/s78-Ic42\/esp.png\" alt=\"esp\" \/> Mandril<br \/>\n<img decoding=\"async\" style=\"width: 20px; height: 20px;\" src=\"https:\/\/lh3.googleusercontent.com\/-THlhy0jIgXA\/VdyHafA8dNI\/AAAAAAAAAsw\/Ou-rWm1t3wM\/s77-Ic42\/fra.png\" alt=\"fr\" \/> Mandrin<br \/>\n<img decoding=\"async\" style=\"width: 20px; height: 20px;\" src=\"https:\/\/lh3.googleusercontent.com\/-ZoLDFx4kaVU\/VdyHZy8rx4I\/AAAAAAAAAsw\/4fC7KE2FBiU\/s77-Ic42\/eng.png\" alt=\"en\" \/> Chuck<\/td>\n<td style=\"vertical-align: top;\"><\/td>\n<\/tr>\n<tr>\n<td style=\"vertical-align: top;\"><a href=\"http:\/\/www.dianasescandell.com\/wordpress\/index.php\/muflo\/\"><img loading=\"lazy\" decoding=\"async\" class=\"aligncenter wp-image-512\" src=\"http:\/\/www.dianasescandell.com\/wordpress\/wp-content\/uploads\/2021\/02\/muflo-300x225.jpg\" alt=\"Cabra hispanica\" width=\"250\" height=\"188\" srcset=\"http:\/\/www.dianasescandell.com\/wordpress\/wp-content\/uploads\/2021\/02\/muflo-300x225.jpg 300w, http:\/\/www.dianasescandell.com\/wordpress\/wp-content\/uploads\/2021\/02\/muflo.jpg 640w\" sizes=\"auto, (max-width: 250px) 100vw, 250px\" \/><\/a><br \/>\n<img decoding=\"async\" style=\"width: 20px; height: 20px;\" src=\"https:\/\/lh3.googleusercontent.com\/-kf_06Vpulgs\/VdyHZosgowI\/AAAAAAAAAsw\/Z0xpdbwN5D0\/s78-Ic42\/cat.png\" alt=\"cat\" \/> Cabra hisp\u00e0nica<br \/>\n<img decoding=\"async\" style=\"width: 20px; height: 20px;\" src=\"https:\/\/lh3.googleusercontent.com\/-9E3PMqcJkQg\/VdyHZtdMRBI\/AAAAAAAAAsw\/BtUatKJ16TA\/s78-Ic42\/esp.png\" alt=\"esp\" \/> Cabra hisp\u00e1nica<br \/>\n<img decoding=\"async\" style=\"width: 20px; height: 20px;\" src=\"https:\/\/lh3.googleusercontent.com\/-THlhy0jIgXA\/VdyHafA8dNI\/AAAAAAAAAsw\/Ou-rWm1t3wM\/s77-Ic42\/fra.png\" alt=\"fr\" \/> Chevre Hispanique<br \/>\n<img decoding=\"async\" style=\"width: 20px; height: 20px;\" src=\"https:\/\/lh3.googleusercontent.com\/-ZoLDFx4kaVU\/VdyHZy8rx4I\/AAAAAAAAAsw\/4fC7KE2FBiU\/s77-Ic42\/eng.png\" alt=\"en\" \/> Hispanic Goat<\/td>\n<td style=\"vertical-align: top;\"><a href=\"http:\/\/www.dianasescandell.com\/wordpress\/index.php\/senglar-gran-corren\/\"><img loading=\"lazy\" decoding=\"async\" class=\"aligncenter wp-image-513\" src=\"http:\/\/www.dianasescandell.com\/wordpress\/wp-content\/uploads\/2021\/02\/senglar-gros-300x225.jpg\" alt=\"jabali grande\" width=\"250\" height=\"188\" srcset=\"http:\/\/www.dianasescandell.com\/wordpress\/wp-content\/uploads\/2021\/02\/senglar-gros-300x225.jpg 300w, http:\/\/www.dianasescandell.com\/wordpress\/wp-content\/uploads\/2021\/02\/senglar-gros.jpg 640w\" sizes=\"auto, (max-width: 250px) 100vw, 250px\" \/><\/a><br \/>\n<img decoding=\"async\" style=\"width: 20px; height: 20px;\" src=\"https:\/\/lh3.googleusercontent.com\/-kf_06Vpulgs\/VdyHZosgowI\/AAAAAAAAAsw\/Z0xpdbwN5D0\/s78-Ic42\/cat.png\" alt=\"cat\" \/> Senglar gran<br \/>\n<img decoding=\"async\" style=\"width: 20px; height: 20px;\" src=\"https:\/\/lh3.googleusercontent.com\/-9E3PMqcJkQg\/VdyHZtdMRBI\/AAAAAAAAAsw\/BtUatKJ16TA\/s78-Ic42\/esp.png\" alt=\"esp\" \/> Jabal\u00ed grande<br \/>\n<img decoding=\"async\" style=\"width: 20px; height: 20px;\" src=\"https:\/\/lh3.googleusercontent.com\/-THlhy0jIgXA\/VdyHafA8dNI\/AAAAAAAAAsw\/Ou-rWm1t3wM\/s77-Ic42\/fra.png\" alt=\"fr\" \/> Sanglier grande<br \/>\n<img decoding=\"async\" style=\"width: 20px; height: 20px;\" src=\"https:\/\/lh3.googleusercontent.com\/-ZoLDFx4kaVU\/VdyHZy8rx4I\/AAAAAAAAAsw\/4fC7KE2FBiU\/s77-Ic42\/eng.png\" alt=\"en\" \/> Boar big<\/td>\n<\/tr>\n<tr>\n<td style=\"vertical-align: top;\"><a href=\"http:\/\/www.dianasescandell.com\/wordpress\/index.php\/isart\/\"><img loading=\"lazy\" decoding=\"async\" class=\"aligncenter wp-image-514\" src=\"http:\/\/www.dianasescandell.com\/wordpress\/wp-content\/uploads\/2021\/02\/isard-300x225.jpg\" alt=\"rebeco\" width=\"250\" height=\"188\" srcset=\"http:\/\/www.dianasescandell.com\/wordpress\/wp-content\/uploads\/2021\/02\/isard-300x225.jpg 300w, http:\/\/www.dianasescandell.com\/wordpress\/wp-content\/uploads\/2021\/02\/isard.jpg 640w\" sizes=\"auto, (max-width: 250px) 100vw, 250px\" \/><\/a><br \/>\n<img decoding=\"async\" style=\"width: 20px; height: 20px;\" src=\"https:\/\/lh3.googleusercontent.com\/-kf_06Vpulgs\/VdyHZosgowI\/AAAAAAAAAsw\/Z0xpdbwN5D0\/s78-Ic42\/cat.png\" alt=\"cat\" \/> Isard<br \/>\n<img decoding=\"async\" style=\"width: 20px; height: 20px;\" src=\"https:\/\/lh3.googleusercontent.com\/-9E3PMqcJkQg\/VdyHZtdMRBI\/AAAAAAAAAsw\/BtUatKJ16TA\/s78-Ic42\/esp.png\" alt=\"esp\" \/> Rebeco<br \/>\n<img decoding=\"async\" style=\"width: 20px; height: 20px;\" src=\"https:\/\/lh3.googleusercontent.com\/-THlhy0jIgXA\/VdyHafA8dNI\/AAAAAAAAAsw\/Ou-rWm1t3wM\/s77-Ic42\/fra.png\" alt=\"fr\" \/> Chamois<br \/>\n<img decoding=\"async\" style=\"width: 20px; height: 20px;\" src=\"https:\/\/lh3.googleusercontent.com\/-ZoLDFx4kaVU\/VdyHZy8rx4I\/AAAAAAAAAsw\/4fC7KE2FBiU\/s77-Ic42\/eng.png\" alt=\"en\" \/> Isard<\/td>\n<td style=\"vertical-align: top;\"><\/td>\n<\/tr>\n<\/tbody>\n<\/table>\n","protected":false},"excerpt":{"rendered":"<p>Tigre Tigre Tigre Tiger Lle\u00f3 Le\u00f3n Lion Lion Goril\u00b7la Gorila Gorille Gorilla Mandril Mandril Mandrin Chuck Cabra hisp\u00e0nica Cabra hisp\u00e1nica Chevre Hispanique Hispanic Goat Senglar gran Jabal\u00ed grande Sanglier grande Boar big Isard Rebeco Chamois Isard<\/p>\n","protected":false},"author":1,"featured_media":0,"parent":0,"menu_order":0,"comment_status":"closed","ping_status":"closed","template":"","meta":{"footnotes":""},"class_list":["post-29","page","type-page","status-publish","hentry"],"_links":{"self":[{"href":"http:\/\/www.dianasescandell.com\/wordpress\/index.php\/wp-json\/wp\/v2\/pages\/29","targetHints":{"allow":["GET"]}}],"collection":[{"href":"http:\/\/www.dianasescandell.com\/wordpress\/index.php\/wp-json\/wp\/v2\/pages"}],"about":[{"href":"http:\/\/www.dianasescandell.com\/wordpress\/index.php\/wp-json\/wp\/v2\/types\/page"}],"author":[{"embeddable":true,"href":"http:\/\/www.dianasescandell.com\/wordpress\/index.php\/wp-json\/wp\/v2\/users\/1"}],"replies":[{"embeddable":true,"href":"http:\/\/www.dianasescandell.com\/wordpress\/index.php\/wp-json\/wp\/v2\/comments?post=29"}],"version-history":[{"count":57,"href":"http:\/\/www.dianasescandell.com\/wordpress\/index.php\/wp-json\/wp\/v2\/pages\/29\/revisions"}],"predecessor-version":[{"id":545,"href":"http:\/\/www.dianasescandell.com\/wordpress\/index.php\/wp-json\/wp\/v2\/pages\/29\/revisions\/545"}],"wp:attachment":[{"href":"http:\/\/www.dianasescandell.com\/wordpress\/index.php\/wp-json\/wp\/v2\/media?parent=29"}],"curies":[{"name":"wp","href":"https:\/\/api.w.org\/{rel}","templated":true}]}}