{"id":13,"date":"2015-10-02T16:24:15","date_gmt":"2015-10-02T16:24:15","guid":{"rendered":"http:\/\/www.dianasescandell.com\/wordpress\/?page_id=13"},"modified":"2015-12-28T17:32:06","modified_gmt":"2015-12-28T17:32:06","slug":"dianas-3d","status":"publish","type":"page","link":"http:\/\/www.dianasescandell.com\/wordpress\/index.php\/dianas-3d\/","title":{"rendered":"Dianas 3D"},"content":{"rendered":"<table style=\"text-align: left; height: 90%;\" border=\"1\" cellspacing=\"2\" cellpadding=\"2\">\n<tbody>\n<tr>\n<td style=\"vertical-align: top;\">\n<div style=\"text-align: center;\"><big><big style=\"color: #000099;\"><a href=\"http:\/\/www.dianasescandell.com\/wordpress\/index.php\/grupo-i\/\">Grupo I<\/a><\/big><\/big><\/div>\n<hr style=\"width: 100%; height: 2px;\" \/>\n<div style=\"text-align: center;\"><img decoding=\"async\" class=\"aligncenter\" src=\"https:\/\/lh3.googleusercontent.com\/-vPeZzaGK5N8\/VjODTu6qvzI\/AAAAAAAAAuw\/LdBLhLWhc0w\/s512-Ic42\/DSCF1187.jpg\" alt=\"grup i\" width=\"150\" \/><\/div>\n<p>Son los animales de mayor tama\u00f1o para realizar tiros entre 26 y 54 m\u00a0(IFAA).<\/td>\n<td style=\"vertical-align: top;\">\n<div style=\"text-align: center;\"><big><big style=\"color: #000099;\"><a href=\"http:\/\/www.dianasescandell.com\/wordpress\/index.php\/grupo-ii\/\">Grupo II<\/a><\/big><\/big><\/div>\n<hr style=\"width: 100%; height: 2px;\" \/>\n<div style=\"text-align: center;\"><img decoding=\"async\" class=\"aligncenter\" src=\"https:\/\/lh3.googleusercontent.com\/-Az3H7OjmsS8\/VdnwLfSB-4I\/AAAAAAAAAZY\/EkhdXbxeUok\/s144-Ic42\/Copia%252520de%252520new%252520target%252520020.jpg\" alt=\"grupo ii\" width=\"150\" \/><\/div>\n<p>Son animales de tama\u00f1o medio grande para realizar tiros entre 21 y 40,5\u00a0m (IFAA).<\/td>\n<\/tr>\n<tr>\n<td style=\"vertical-align: top;\">\n<div style=\"text-align: center;\"><big><big style=\"color: #000099;\"><a href=\"http:\/\/www.dianasescandell.com\/wordpress\/index.php\/grup-iii\/\">Grupo III<\/a><\/big><\/big><\/div>\n<hr style=\"width: 100%; height: 2px;\" \/>\n<div style=\"text-align: center;\"><img decoding=\"async\" class=\"aligncenter\" src=\"https:\/\/lh3.googleusercontent.com\/-hYAfPkbN0io\/Vdn1qs26vfI\/AAAAAAAAAdQ\/ODS9ScqAgpQ\/s720-Ic42\/dscf0982.jpg\" alt=\"grupo iii\" width=\"150\" \/><\/div>\n<p>Son los animales de tama\u00f1o mediana peque\u00f1a\u00a0para tiros estre 18 i 31,5 m (IFAA).<\/td>\n<td style=\"vertical-align: top;\">\n<div style=\"text-align: center;\"><big><big style=\"color: #000099;\"><a href=\"http:\/\/www.dianasescandell.com\/wordpress\/index.php\/grup-iv\/\">Grupo IV<\/a><\/big><\/big><\/div>\n<hr style=\"width: 100%; height: 2px;\" \/>\n<div style=\"text-align: center;\"><img decoding=\"async\" class=\"aligncenter\" src=\"https:\/\/lh3.googleusercontent.com\/-WP_xniRBz9E\/Vdny2p3HxZI\/AAAAAAAAAbU\/dU2KOsp1k38\/s144-Ic42\/dscf0962.jpg\" alt=\"grupo iii\" width=\"150\" \/><\/div>\n<p>Son los animales de tama\u00f1o m\u00e1s peque\u00f1o para tiros entre 9 y 18 m (IFAA).<\/td>\n<\/tr>\n<\/tbody>\n<\/table>\n","protected":false},"excerpt":{"rendered":"<p>Grupo I Son los animales de mayor tama\u00f1o para realizar tiros entre 26 y 54 m\u00a0(IFAA). Grupo II Son animales de tama\u00f1o medio grande para realizar tiros entre 21 y 40,5\u00a0m (IFAA). Grupo III Son los animales de tama\u00f1o mediana &hellip; <a href=\"http:\/\/www.dianasescandell.com\/wordpress\/index.php\/dianas-3d\/\">Sigue leyendo <span class=\"meta-nav\">&rarr;<\/span><\/a><\/p>\n","protected":false},"author":1,"featured_media":0,"parent":0,"menu_order":0,"comment_status":"closed","ping_status":"closed","template":"","meta":{"footnotes":""},"class_list":["post-13","page","type-page","status-publish","hentry"],"_links":{"self":[{"href":"http:\/\/www.dianasescandell.com\/wordpress\/index.php\/wp-json\/wp\/v2\/pages\/13","targetHints":{"allow":["GET"]}}],"collection":[{"href":"http:\/\/www.dianasescandell.com\/wordpress\/index.php\/wp-json\/wp\/v2\/pages"}],"about":[{"href":"http:\/\/www.dianasescandell.com\/wordpress\/index.php\/wp-json\/wp\/v2\/types\/page"}],"author":[{"embeddable":true,"href":"http:\/\/www.dianasescandell.com\/wordpress\/index.php\/wp-json\/wp\/v2\/users\/1"}],"replies":[{"embeddable":true,"href":"http:\/\/www.dianasescandell.com\/wordpress\/index.php\/wp-json\/wp\/v2\/comments?post=13"}],"version-history":[{"count":20,"href":"http:\/\/www.dianasescandell.com\/wordpress\/index.php\/wp-json\/wp\/v2\/pages\/13\/revisions"}],"predecessor-version":[{"id":429,"href":"http:\/\/www.dianasescandell.com\/wordpress\/index.php\/wp-json\/wp\/v2\/pages\/13\/revisions\/429"}],"wp:attachment":[{"href":"http:\/\/www.dianasescandell.com\/wordpress\/index.php\/wp-json\/wp\/v2\/media?parent=13"}],"curies":[{"name":"wp","href":"https:\/\/api.w.org\/{rel}","templated":true}]}}