{"id":109,"date":"2015-11-02T16:25:47","date_gmt":"2015-11-02T16:25:47","guid":{"rendered":"http:\/\/www.dianasescandell.com\/wordpress\/?page_id=109"},"modified":"2021-03-22T09:32:47","modified_gmt":"2021-03-22T08:32:47","slug":"grup-iii","status":"publish","type":"page","link":"http:\/\/www.dianasescandell.com\/wordpress\/index.php\/grup-iii\/","title":{"rendered":"Grupo III"},"content":{"rendered":"<p>&nbsp;<\/p>\n<table style=\"text-align: left; width: 100%;\" border=\"3\" cellspacing=\"2\" cellpadding=\"2\">\n<tbody>\n<tr>\n<td style=\"vertical-align: top;\"><a href=\"http:\/\/www.dianasescandell.com\/wordpress\/index.php\/serpiente\/\"><img loading=\"lazy\" decoding=\"async\" class=\"aligncenter wp-image-604\" src=\"http:\/\/www.dianasescandell.com\/wordpress\/wp-content\/uploads\/2021\/02\/serpiente-169x300.jpg\" alt=\"\" width=\"150\" height=\"266\" srcset=\"http:\/\/www.dianasescandell.com\/wordpress\/wp-content\/uploads\/2021\/02\/serpiente-169x300.jpg 169w, http:\/\/www.dianasescandell.com\/wordpress\/wp-content\/uploads\/2021\/02\/serpiente.jpg 384w\" sizes=\"auto, (max-width: 150px) 100vw, 150px\" \/><\/a><br \/>\n<img decoding=\"async\" style=\"width: 20px; height: 20px;\" src=\"https:\/\/lh3.googleusercontent.com\/-kf_06Vpulgs\/VdyHZosgowI\/AAAAAAAAAsw\/Z0xpdbwN5D0\/s78-Ic42\/cat.png\" alt=\"cat\" \/> Serp<br \/>\n<img decoding=\"async\" style=\"width: 20px; height: 20px;\" src=\"https:\/\/lh3.googleusercontent.com\/-9E3PMqcJkQg\/VdyHZtdMRBI\/AAAAAAAAAsw\/BtUatKJ16TA\/s78-Ic42\/esp.png\" alt=\"esp\" \/> Serpiente<br \/>\n<img decoding=\"async\" style=\"width: 20px; height: 20px;\" src=\"https:\/\/lh3.googleusercontent.com\/-THlhy0jIgXA\/VdyHafA8dNI\/AAAAAAAAAsw\/Ou-rWm1t3wM\/s77-Ic42\/fra.png\" alt=\"fr\" \/> Serpent<br \/>\n<img decoding=\"async\" style=\"width: 20px; height: 20px;\" src=\"https:\/\/lh3.googleusercontent.com\/-ZoLDFx4kaVU\/VdyHZy8rx4I\/AAAAAAAAAsw\/4fC7KE2FBiU\/s77-Ic42\/eng.png\" alt=\"en\" \/> Snake<\/td>\n<td style=\"vertical-align: top;\"><a href=\"http:\/\/www.dianasescandell.com\/wordpress\/index.php\/arana\/\"><img loading=\"lazy\" decoding=\"async\" class=\"aligncenter wp-image-606\" src=\"http:\/\/www.dianasescandell.com\/wordpress\/wp-content\/uploads\/2021\/02\/arana-240x300.jpg\" alt=\"\" width=\"150\" height=\"188\" srcset=\"http:\/\/www.dianasescandell.com\/wordpress\/wp-content\/uploads\/2021\/02\/arana-240x300.jpg 240w, http:\/\/www.dianasescandell.com\/wordpress\/wp-content\/uploads\/2021\/02\/arana.jpg 384w\" sizes=\"auto, (max-width: 150px) 100vw, 150px\" \/><\/a><br \/>\n<img decoding=\"async\" style=\"width: 20px; height: 20px;\" src=\"https:\/\/lh3.googleusercontent.com\/-kf_06Vpulgs\/VdyHZosgowI\/AAAAAAAAAsw\/Z0xpdbwN5D0\/s78-Ic42\/cat.png\" alt=\"cat\" \/> Aranya<br \/>\n<img decoding=\"async\" style=\"width: 20px; height: 20px;\" src=\"https:\/\/lh3.googleusercontent.com\/-9E3PMqcJkQg\/VdyHZtdMRBI\/AAAAAAAAAsw\/BtUatKJ16TA\/s78-Ic42\/esp.png\" alt=\"esp\" \/> Ara\u00f1a<br \/>\n<img decoding=\"async\" style=\"width: 20px; height: 20px;\" src=\"https:\/\/lh3.googleusercontent.com\/-THlhy0jIgXA\/VdyHafA8dNI\/AAAAAAAAAsw\/Ou-rWm1t3wM\/s77-Ic42\/fra.png\" alt=\"fr\" \/> Araigne<br \/>\n<img decoding=\"async\" style=\"width: 20px; height: 20px;\" src=\"https:\/\/lh3.googleusercontent.com\/-ZoLDFx4kaVU\/VdyHZy8rx4I\/AAAAAAAAAsw\/4fC7KE2FBiU\/s77-Ic42\/eng.png\" alt=\"en\" \/> Spider<\/td>\n<\/tr>\n<tr>\n<td style=\"vertical-align: top;\"><a href=\"http:\/\/www.dianasescandell.com\/wordpress\/index.php\/corzo-de-pie\/\"><img loading=\"lazy\" decoding=\"async\" class=\"aligncenter wp-image-608\" src=\"http:\/\/www.dianasescandell.com\/wordpress\/wp-content\/uploads\/2021\/02\/corzopie-300x228.jpg\" alt=\"\" width=\"250\" height=\"190\" srcset=\"http:\/\/www.dianasescandell.com\/wordpress\/wp-content\/uploads\/2021\/02\/corzopie-300x228.jpg 300w, http:\/\/www.dianasescandell.com\/wordpress\/wp-content\/uploads\/2021\/02\/corzopie.jpg 640w\" sizes=\"auto, (max-width: 250px) 100vw, 250px\" \/><\/a><br \/>\n<img decoding=\"async\" style=\"width: 20px; height: 20px;\" src=\"https:\/\/lh3.googleusercontent.com\/-kf_06Vpulgs\/VdyHZosgowI\/AAAAAAAAAsw\/Z0xpdbwN5D0\/s78-Ic42\/cat.png\" alt=\"cat\" \/> Cabirol de peu<br \/>\n<img decoding=\"async\" style=\"width: 20px; height: 20px;\" src=\"https:\/\/lh3.googleusercontent.com\/-9E3PMqcJkQg\/VdyHZtdMRBI\/AAAAAAAAAsw\/BtUatKJ16TA\/s78-Ic42\/esp.png\" alt=\"esp\" \/> Corzo de pie<br \/>\n<img decoding=\"async\" style=\"width: 20px; height: 20px;\" src=\"https:\/\/lh3.googleusercontent.com\/-THlhy0jIgXA\/VdyHafA8dNI\/AAAAAAAAAsw\/Ou-rWm1t3wM\/s77-Ic42\/fra.png\" alt=\"fr\" \/> Chevreuil<br \/>\n<img decoding=\"async\" style=\"width: 20px; height: 20px;\" src=\"https:\/\/lh3.googleusercontent.com\/-ZoLDFx4kaVU\/VdyHZy8rx4I\/AAAAAAAAAsw\/4fC7KE2FBiU\/s77-Ic42\/eng.png\" alt=\"en\" \/> Roe deer<\/td>\n<td style=\"vertical-align: top;\"><a href=\"http:\/\/www.dianasescandell.com\/wordpress\/index.php\/senglar-tombat\/\"><img loading=\"lazy\" decoding=\"async\" class=\"aligncenter wp-image-612\" src=\"http:\/\/www.dianasescandell.com\/wordpress\/wp-content\/uploads\/2021\/02\/jabali-tumbat1-300x225.jpg\" alt=\"\" width=\"250\" height=\"188\" srcset=\"http:\/\/www.dianasescandell.com\/wordpress\/wp-content\/uploads\/2021\/02\/jabali-tumbat1-300x225.jpg 300w, http:\/\/www.dianasescandell.com\/wordpress\/wp-content\/uploads\/2021\/02\/jabali-tumbat1.jpg 640w\" sizes=\"auto, (max-width: 250px) 100vw, 250px\" \/><\/a><br \/>\n<img decoding=\"async\" style=\"width: 20px; height: 20px;\" src=\"https:\/\/lh3.googleusercontent.com\/-kf_06Vpulgs\/VdyHZosgowI\/AAAAAAAAAsw\/Z0xpdbwN5D0\/s78-Ic42\/cat.png\" alt=\"cat\" \/> Senglar tombat<br \/>\n<img decoding=\"async\" style=\"width: 20px; height: 20px;\" src=\"https:\/\/lh3.googleusercontent.com\/-9E3PMqcJkQg\/VdyHZtdMRBI\/AAAAAAAAAsw\/BtUatKJ16TA\/s78-Ic42\/esp.png\" alt=\"esp\" \/> Jabal\u00ed tumbado<br \/>\n<img decoding=\"async\" style=\"width: 20px; height: 20px;\" src=\"https:\/\/lh3.googleusercontent.com\/-THlhy0jIgXA\/VdyHafA8dNI\/AAAAAAAAAsw\/Ou-rWm1t3wM\/s77-Ic42\/fra.png\" alt=\"fr\" \/> Sanglier mensonge<br \/>\n<img decoding=\"async\" style=\"width: 20px; height: 20px;\" src=\"https:\/\/lh3.googleusercontent.com\/-ZoLDFx4kaVU\/VdyHZy8rx4I\/AAAAAAAAAsw\/4fC7KE2FBiU\/s77-Ic42\/eng.png\" alt=\"en\" \/> Boar lyng<\/td>\n<\/tr>\n<tr>\n<td style=\"vertical-align: top;\"><a href=\"http:\/\/www.dianasescandell.com\/wordpress\/index.php\/pelicano\/\"><img loading=\"lazy\" decoding=\"async\" class=\"aligncenter wp-image-614\" src=\"http:\/\/www.dianasescandell.com\/wordpress\/wp-content\/uploads\/2021\/02\/pelicano-196x300.jpg\" alt=\"\" width=\"150\" height=\"230\" srcset=\"http:\/\/www.dianasescandell.com\/wordpress\/wp-content\/uploads\/2021\/02\/pelicano-196x300.jpg 196w, http:\/\/www.dianasescandell.com\/wordpress\/wp-content\/uploads\/2021\/02\/pelicano.jpg 384w\" sizes=\"auto, (max-width: 150px) 100vw, 150px\" \/><\/a><br \/>\n<img decoding=\"async\" style=\"width: 20px; height: 20px;\" src=\"https:\/\/lh3.googleusercontent.com\/-kf_06Vpulgs\/VdyHZosgowI\/AAAAAAAAAsw\/Z0xpdbwN5D0\/s78-Ic42\/cat.png\" alt=\"cat\" \/> Pelic\u00e0<br \/>\n<img decoding=\"async\" style=\"width: 20px; height: 20px;\" src=\"https:\/\/lh3.googleusercontent.com\/-9E3PMqcJkQg\/VdyHZtdMRBI\/AAAAAAAAAsw\/BtUatKJ16TA\/s78-Ic42\/esp.png\" alt=\"esp\" \/> Pelicano<br \/>\n<img decoding=\"async\" style=\"width: 20px; height: 20px;\" src=\"https:\/\/lh3.googleusercontent.com\/-THlhy0jIgXA\/VdyHafA8dNI\/AAAAAAAAAsw\/Ou-rWm1t3wM\/s77-Ic42\/fra.png\" alt=\"fr\" \/> P\u00e9lican<br \/>\n<img decoding=\"async\" style=\"width: 20px; height: 20px;\" src=\"https:\/\/lh3.googleusercontent.com\/-ZoLDFx4kaVU\/VdyHZy8rx4I\/AAAAAAAAAsw\/4fC7KE2FBiU\/s77-Ic42\/eng.png\" alt=\"en\" \/> Pelican<\/td>\n<td style=\"vertical-align: top;\"><a href=\"http:\/\/www.dianasescandell.com\/wordpress\/index.php\/gran-buho\/\"><img loading=\"lazy\" decoding=\"async\" class=\"aligncenter wp-image-616\" src=\"http:\/\/www.dianasescandell.com\/wordpress\/wp-content\/uploads\/2021\/02\/granbuho1-197x300.jpg\" alt=\"\" width=\"150\" height=\"229\" srcset=\"http:\/\/www.dianasescandell.com\/wordpress\/wp-content\/uploads\/2021\/02\/granbuho1-197x300.jpg 197w, http:\/\/www.dianasescandell.com\/wordpress\/wp-content\/uploads\/2021\/02\/granbuho1.jpg 384w\" sizes=\"auto, (max-width: 150px) 100vw, 150px\" \/><\/a><br \/>\n<img decoding=\"async\" style=\"width: 20px; height: 20px;\" src=\"https:\/\/lh3.googleusercontent.com\/-kf_06Vpulgs\/VdyHZosgowI\/AAAAAAAAAsw\/Z0xpdbwN5D0\/s78-Ic42\/cat.png\" alt=\"cat\" \/> Gran Mussol<br \/>\n<img decoding=\"async\" style=\"width: 20px; height: 20px;\" src=\"https:\/\/lh3.googleusercontent.com\/-9E3PMqcJkQg\/VdyHZtdMRBI\/AAAAAAAAAsw\/BtUatKJ16TA\/s78-Ic42\/esp.png\" alt=\"esp\" \/> Gran Buho<br \/>\n<img decoding=\"async\" style=\"width: 20px; height: 20px;\" src=\"https:\/\/lh3.googleusercontent.com\/-THlhy0jIgXA\/VdyHafA8dNI\/AAAAAAAAAsw\/Ou-rWm1t3wM\/s77-Ic42\/fra.png\" alt=\"fr\" \/> Gran Hibou<br \/>\n<img decoding=\"async\" style=\"width: 20px; height: 20px;\" src=\"https:\/\/lh3.googleusercontent.com\/-ZoLDFx4kaVU\/VdyHZy8rx4I\/AAAAAAAAAsw\/4fC7KE2FBiU\/s77-Ic42\/eng.png\" alt=\"en\" \/> Great Owl<\/td>\n<\/tr>\n<tr>\n<td style=\"vertical-align: top;\"><a href=\"http:\/\/www.dianasescandell.com\/wordpress\/index.php\/zorro-de-pie\/\"><img loading=\"lazy\" decoding=\"async\" class=\"aligncenter wp-image-618\" src=\"http:\/\/www.dianasescandell.com\/wordpress\/wp-content\/uploads\/2021\/02\/zorropie1-300x212.jpg\" alt=\"\" width=\"250\" height=\"177\" srcset=\"http:\/\/www.dianasescandell.com\/wordpress\/wp-content\/uploads\/2021\/02\/zorropie1-300x212.jpg 300w, http:\/\/www.dianasescandell.com\/wordpress\/wp-content\/uploads\/2021\/02\/zorropie1.jpg 640w\" sizes=\"auto, (max-width: 250px) 100vw, 250px\" \/><\/a><br \/>\n<img decoding=\"async\" style=\"width: 20px; height: 20px;\" src=\"https:\/\/lh3.googleusercontent.com\/-kf_06Vpulgs\/VdyHZosgowI\/AAAAAAAAAsw\/Z0xpdbwN5D0\/s78-Ic42\/cat.png\" alt=\"cat\" \/> Guineu de peu<br \/>\n<img decoding=\"async\" style=\"width: 20px; height: 20px;\" src=\"https:\/\/lh3.googleusercontent.com\/-9E3PMqcJkQg\/VdyHZtdMRBI\/AAAAAAAAAsw\/BtUatKJ16TA\/s78-Ic42\/esp.png\" alt=\"esp\" \/> Zorro de pie<br \/>\n<img decoding=\"async\" style=\"width: 20px; height: 20px;\" src=\"https:\/\/lh3.googleusercontent.com\/-THlhy0jIgXA\/VdyHafA8dNI\/AAAAAAAAAsw\/Ou-rWm1t3wM\/s77-Ic42\/fra.png\" alt=\"fr\" \/> Renard bebout<br \/>\n<img decoding=\"async\" style=\"width: 20px; height: 20px;\" src=\"https:\/\/lh3.googleusercontent.com\/-ZoLDFx4kaVU\/VdyHZy8rx4I\/AAAAAAAAAsw\/4fC7KE2FBiU\/s77-Ic42\/eng.png\" alt=\"en\" \/> Standing Foxl<\/td>\n<td style=\"vertical-align: top;\"><a href=\"http:\/\/www.dianasescandell.com\/wordpress\/index.php\/corzo-tumbado\/\"><img loading=\"lazy\" decoding=\"async\" class=\"aligncenter wp-image-620\" src=\"http:\/\/www.dianasescandell.com\/wordpress\/wp-content\/uploads\/2021\/02\/corzo1-300x225.jpg\" alt=\"\" width=\"250\" height=\"188\" srcset=\"http:\/\/www.dianasescandell.com\/wordpress\/wp-content\/uploads\/2021\/02\/corzo1-300x225.jpg 300w, http:\/\/www.dianasescandell.com\/wordpress\/wp-content\/uploads\/2021\/02\/corzo1.jpg 720w\" sizes=\"auto, (max-width: 250px) 100vw, 250px\" \/><\/a><br \/>\n<img decoding=\"async\" style=\"width: 20px; height: 20px;\" src=\"https:\/\/lh3.googleusercontent.com\/-kf_06Vpulgs\/VdyHZosgowI\/AAAAAAAAAsw\/Z0xpdbwN5D0\/s78-Ic42\/cat.png\" alt=\"cat\" \/> Cabirol femella tombada<br \/>\n<img decoding=\"async\" style=\"width: 20px; height: 20px;\" src=\"https:\/\/lh3.googleusercontent.com\/-9E3PMqcJkQg\/VdyHZtdMRBI\/AAAAAAAAAsw\/BtUatKJ16TA\/s78-Ic42\/esp.png\" alt=\"esp\" \/> Corzo hembra tumbada<br \/>\n<img decoding=\"async\" style=\"width: 20px; height: 20px;\" src=\"https:\/\/lh3.googleusercontent.com\/-THlhy0jIgXA\/VdyHafA8dNI\/AAAAAAAAAsw\/Ou-rWm1t3wM\/s77-Ic42\/fra.png\" alt=\"fr\" \/> Mensonge femme Corzo<br \/>\n<img decoding=\"async\" style=\"width: 20px; height: 20px;\" src=\"https:\/\/lh3.googleusercontent.com\/-ZoLDFx4kaVU\/VdyHZy8rx4I\/AAAAAAAAAsw\/4fC7KE2FBiU\/s77-Ic42\/eng.png\" alt=\"en\" \/> Corzo female lying<\/td>\n<\/tr>\n<tr>\n<td style=\"vertical-align: top;\"><a href=\"http:\/\/www.dianasescandell.com\/wordpress\/index.php\/mona\/\"><img loading=\"lazy\" decoding=\"async\" class=\"aligncenter wp-image-621\" src=\"http:\/\/www.dianasescandell.com\/wordpress\/wp-content\/uploads\/2021\/02\/mono-225x300.jpg\" alt=\"\" width=\"150\" height=\"200\" srcset=\"http:\/\/www.dianasescandell.com\/wordpress\/wp-content\/uploads\/2021\/02\/mono-225x300.jpg 225w, http:\/\/www.dianasescandell.com\/wordpress\/wp-content\/uploads\/2021\/02\/mono.jpg 384w\" sizes=\"auto, (max-width: 150px) 100vw, 150px\" \/><\/a><br \/>\n<img decoding=\"async\" style=\"width: 20px; height: 20px;\" src=\"https:\/\/lh3.googleusercontent.com\/-kf_06Vpulgs\/VdyHZosgowI\/AAAAAAAAAsw\/Z0xpdbwN5D0\/s78-Ic42\/cat.png\" alt=\"cat\" \/> Mona<br \/>\n<img decoding=\"async\" style=\"width: 20px; height: 20px;\" src=\"https:\/\/lh3.googleusercontent.com\/-9E3PMqcJkQg\/VdyHZtdMRBI\/AAAAAAAAAsw\/BtUatKJ16TA\/s78-Ic42\/esp.png\" alt=\"esp\" \/> Mona<br \/>\n<img decoding=\"async\" style=\"width: 20px; height: 20px;\" src=\"https:\/\/lh3.googleusercontent.com\/-THlhy0jIgXA\/VdyHafA8dNI\/AAAAAAAAAsw\/Ou-rWm1t3wM\/s77-Ic42\/fra.png\" alt=\"fr\" \/> Singe<br \/>\n<img decoding=\"async\" style=\"width: 20px; height: 20px;\" src=\"https:\/\/lh3.googleusercontent.com\/-ZoLDFx4kaVU\/VdyHZy8rx4I\/AAAAAAAAAsw\/4fC7KE2FBiU\/s77-Ic42\/eng.png\" alt=\"en\" \/> Monkey<\/td>\n<td style=\"vertical-align: top;\"><a href=\"http:\/\/www.dianasescandell.com\/wordpress\/index.php\/dinosaure\/\"><img loading=\"lazy\" decoding=\"async\" class=\"aligncenter wp-image-623\" src=\"http:\/\/www.dianasescandell.com\/wordpress\/wp-content\/uploads\/2021\/02\/dino1-300x225.jpg\" alt=\"\" width=\"250\" height=\"188\" srcset=\"http:\/\/www.dianasescandell.com\/wordpress\/wp-content\/uploads\/2021\/02\/dino1-300x225.jpg 300w, http:\/\/www.dianasescandell.com\/wordpress\/wp-content\/uploads\/2021\/02\/dino1.jpg 640w\" sizes=\"auto, (max-width: 250px) 100vw, 250px\" \/><\/a><br \/>\n<img decoding=\"async\" style=\"width: 20px; height: 20px;\" src=\"https:\/\/lh3.googleusercontent.com\/-kf_06Vpulgs\/VdyHZosgowI\/AAAAAAAAAsw\/Z0xpdbwN5D0\/s78-Ic42\/cat.png\" alt=\"cat\" \/>\u00a0Dinosaure<br \/>\n<img decoding=\"async\" style=\"width: 20px; height: 20px;\" src=\"https:\/\/lh3.googleusercontent.com\/-9E3PMqcJkQg\/VdyHZtdMRBI\/AAAAAAAAAsw\/BtUatKJ16TA\/s78-Ic42\/esp.png\" alt=\"esp\" \/>\u00a0Dinosaurio<br \/>\n<img decoding=\"async\" style=\"width: 20px; height: 20px;\" src=\"https:\/\/lh3.googleusercontent.com\/-THlhy0jIgXA\/VdyHafA8dNI\/AAAAAAAAAsw\/Ou-rWm1t3wM\/s77-Ic42\/fra.png\" alt=\"fr\" \/>\u00a0Dinosaure<br \/>\n<img decoding=\"async\" style=\"width: 20px; height: 20px;\" src=\"https:\/\/lh3.googleusercontent.com\/-ZoLDFx4kaVU\/VdyHZy8rx4I\/AAAAAAAAAsw\/4fC7KE2FBiU\/s77-Ic42\/eng.png\" alt=\"en\" \/> Dinosaur<\/td>\n<\/tr>\n<tr>\n<td style=\"vertical-align: top;\"><a href=\"http:\/\/www.dianasescandell.com\/wordpress\/index.php\/pantera-negre\/\"><img loading=\"lazy\" decoding=\"async\" class=\"aligncenter wp-image-624\" src=\"http:\/\/www.dianasescandell.com\/wordpress\/wp-content\/uploads\/2021\/02\/pantera1-225x300.jpg\" alt=\"\" width=\"150\" height=\"200\" srcset=\"http:\/\/www.dianasescandell.com\/wordpress\/wp-content\/uploads\/2021\/02\/pantera1-225x300.jpg 225w, http:\/\/www.dianasescandell.com\/wordpress\/wp-content\/uploads\/2021\/02\/pantera1.jpg 384w\" sizes=\"auto, (max-width: 150px) 100vw, 150px\" \/><\/a><br \/>\n<img decoding=\"async\" style=\"width: 20px; height: 20px;\" src=\"https:\/\/lh3.googleusercontent.com\/-kf_06Vpulgs\/VdyHZosgowI\/AAAAAAAAAsw\/Z0xpdbwN5D0\/s78-Ic42\/cat.png\" alt=\"cat\" \/> Pantera negra<br \/>\n<img decoding=\"async\" style=\"width: 20px; height: 20px;\" src=\"https:\/\/lh3.googleusercontent.com\/-9E3PMqcJkQg\/VdyHZtdMRBI\/AAAAAAAAAsw\/BtUatKJ16TA\/s78-Ic42\/esp.png\" alt=\"esp\" \/> Pantera negra<br \/>\n<img decoding=\"async\" style=\"width: 20px; height: 20px;\" src=\"https:\/\/lh3.googleusercontent.com\/-THlhy0jIgXA\/VdyHafA8dNI\/AAAAAAAAAsw\/Ou-rWm1t3wM\/s77-Ic42\/fra.png\" alt=\"fr\" \/> Panth\u00e8re noire<br \/>\n<img decoding=\"async\" style=\"width: 20px; height: 20px;\" src=\"https:\/\/lh3.googleusercontent.com\/-ZoLDFx4kaVU\/VdyHZy8rx4I\/AAAAAAAAAsw\/4fC7KE2FBiU\/s77-Ic42\/eng.png\" alt=\"en\" \/> Black Panther<\/td>\n<td style=\"vertical-align: top;\"><a href=\"http:\/\/www.dianasescandell.com\/wordpress\/index.php\/mussol-gros\/\"><img loading=\"lazy\" decoding=\"async\" class=\"aligncenter wp-image-625\" src=\"http:\/\/www.dianasescandell.com\/wordpress\/wp-content\/uploads\/2021\/02\/buo-real1-225x300.jpg\" alt=\"\" width=\"150\" height=\"200\" srcset=\"http:\/\/www.dianasescandell.com\/wordpress\/wp-content\/uploads\/2021\/02\/buo-real1-225x300.jpg 225w, http:\/\/www.dianasescandell.com\/wordpress\/wp-content\/uploads\/2021\/02\/buo-real1.jpg 384w\" sizes=\"auto, (max-width: 150px) 100vw, 150px\" \/><\/a><br \/>\n<img decoding=\"async\" style=\"width: 20px; height: 20px;\" src=\"https:\/\/lh3.googleusercontent.com\/-kf_06Vpulgs\/VdyHZosgowI\/AAAAAAAAAsw\/Z0xpdbwN5D0\/s78-Ic42\/cat.png\" alt=\"cat\" \/> Mussol reial<br \/>\n<img decoding=\"async\" style=\"width: 20px; height: 20px;\" src=\"https:\/\/lh3.googleusercontent.com\/-9E3PMqcJkQg\/VdyHZtdMRBI\/AAAAAAAAAsw\/BtUatKJ16TA\/s78-Ic42\/esp.png\" alt=\"esp\" \/> Buho real<br \/>\n<img decoding=\"async\" style=\"width: 20px; height: 20px;\" src=\"https:\/\/lh3.googleusercontent.com\/-THlhy0jIgXA\/VdyHafA8dNI\/AAAAAAAAAsw\/Ou-rWm1t3wM\/s77-Ic42\/fra.png\" alt=\"fr\" \/> Hibou<br \/>\n<img decoding=\"async\" style=\"width: 20px; height: 20px;\" src=\"https:\/\/lh3.googleusercontent.com\/-ZoLDFx4kaVU\/VdyHZy8rx4I\/AAAAAAAAAsw\/4fC7KE2FBiU\/s77-Ic42\/eng.png\" alt=\"en\" \/> Royal Owl<\/td>\n<\/tr>\n<\/tbody>\n<\/table>\n","protected":false},"excerpt":{"rendered":"<p>&nbsp; Serp Serpiente Serpent Snake Aranya Ara\u00f1a Araigne Spider Cabirol de peu Corzo de pie Chevreuil Roe deer Senglar tombat Jabal\u00ed tumbado Sanglier mensonge Boar lyng Pelic\u00e0 Pelicano P\u00e9lican Pelican Gran Mussol Gran Buho Gran Hibou Great Owl Guineu de &hellip; <a href=\"http:\/\/www.dianasescandell.com\/wordpress\/index.php\/grup-iii\/\">Sigue leyendo <span class=\"meta-nav\">&rarr;<\/span><\/a><\/p>\n","protected":false},"author":1,"featured_media":0,"parent":0,"menu_order":0,"comment_status":"closed","ping_status":"closed","template":"","meta":{"footnotes":""},"class_list":["post-109","page","type-page","status-publish","hentry"],"_links":{"self":[{"href":"http:\/\/www.dianasescandell.com\/wordpress\/index.php\/wp-json\/wp\/v2\/pages\/109","targetHints":{"allow":["GET"]}}],"collection":[{"href":"http:\/\/www.dianasescandell.com\/wordpress\/index.php\/wp-json\/wp\/v2\/pages"}],"about":[{"href":"http:\/\/www.dianasescandell.com\/wordpress\/index.php\/wp-json\/wp\/v2\/types\/page"}],"author":[{"embeddable":true,"href":"http:\/\/www.dianasescandell.com\/wordpress\/index.php\/wp-json\/wp\/v2\/users\/1"}],"replies":[{"embeddable":true,"href":"http:\/\/www.dianasescandell.com\/wordpress\/index.php\/wp-json\/wp\/v2\/comments?post=109"}],"version-history":[{"count":72,"href":"http:\/\/www.dianasescandell.com\/wordpress\/index.php\/wp-json\/wp\/v2\/pages\/109\/revisions"}],"predecessor-version":[{"id":869,"href":"http:\/\/www.dianasescandell.com\/wordpress\/index.php\/wp-json\/wp\/v2\/pages\/109\/revisions\/869"}],"wp:attachment":[{"href":"http:\/\/www.dianasescandell.com\/wordpress\/index.php\/wp-json\/wp\/v2\/media?parent=109"}],"curies":[{"name":"wp","href":"https:\/\/api.w.org\/{rel}","templated":true}]}}